{"id":10658,"date":"2025-08-28T12:40:41","date_gmt":"2025-08-28T17:40:41","guid":{"rendered":"https:\/\/balonesconcorde.com\/sport\/?post_type=product&#038;p=10658"},"modified":"2025-08-28T17:00:36","modified_gmt":"2025-08-28T22:00:36","slug":"kickingball-classsic","status":"publish","type":"product","link":"https:\/\/balonesconcorde.com\/sport\/product\/kickingball-classsic\/","title":{"rendered":"Kickingball classic"},"content":{"rendered":"<p><strong>Materiales y Garant\u00eda<\/strong><\/p>\n<p>Nuestros balones est\u00e1n fabricados cumpliendo con los est\u00e1ndares de calidad de peso y medida reglamentarios para cada disciplina, elaborados con las siguientes caracter\u00edsticas.<\/p>\n<ul>\n<li>Neum\u00e1tico interno de butilo.<\/li>\n<li>Proforma en hilo t\u00e9cnico y caucho natural.<\/li>\n<li>Ensamblado manual.<\/li>\n<li>Termo-fijado y vulcanizado con maquinaria de alta tecnolog\u00eda.<\/li>\n<li>Material sint\u00e9tico de producci\u00f3n nacional en colores surtidos y de primera calidad.<\/li>\n<li>Estampados con tintas de alta adherencia de producci\u00f3n nacional, y en bajo relieve.<\/li>\n<li>Procesos modernos para una larga durabilidad.<\/li>\n<li>Agarre especial para mayor comodidad.<\/li>\n<\/ul>\n","protected":false},"excerpt":{"rendered":"<p>F\u00fatbol # 4 * Circunferencia 63,5 a 66 cent\u00edmetros, di\u00e1metro 20.22 a 21.01. * Peso 350 gr. a 390 gr.<\/p>\n<p><a href=\"https:\/\/wa.me\/573125155181?text=Hola,%20estoy%20interesado%20en%20el%20producto:%20Bal\u00f3n de Kickingball dise\u00f1o classic\"><img decoding=\"async\" class=\"alignnone wp-image-10366 size-full\" src=\"https:\/\/balonesconcorde.com\/sport\/wp-content\/uploads\/2025\/07\/botones-solicitar-precio-02.png\" alt=\"botones solicitar precio-02\" width=\"230\" height=\"75\" srcset=\"https:\/\/balonesconcorde.com\/sport\/wp-content\/uploads\/2025\/07\/botones-solicitar-precio-02.png 230w, https:\/\/balonesconcorde.com\/sport\/wp-content\/uploads\/2025\/07\/botones-solicitar-precio-02-150x49.png 150w\" sizes=\"(max-width: 230px) 100vw, 230px\" \/><\/a><\/p>\n","protected":false},"featured_media":10009,"comment_status":"open","ping_status":"closed","template":"","meta":{"_joinchat":[]},"product_brand":[],"product_cat":[150,207],"product_tag":[],"class_list":{"0":"post-10658","1":"product","2":"type-product","3":"status-publish","4":"has-post-thumbnail","6":"product_cat-kickingball","7":"product_cat-kickingball-classic","9":"first","10":"instock","11":"taxable","12":"shipping-taxable","13":"product-type-simple"},"yoast_head":"<!-- This site is optimized with the Yoast SEO plugin v23.3 - https:\/\/yoast.com\/wordpress\/plugins\/seo\/ -->\n<title>Kickingball classic - Balones Concorde<\/title>\n<meta name=\"description\" content=\"Descubre el bal\u00f3n dise\u00f1ado para Kickingball, un juego din\u00e1mico que combina velocidad y destreza. Perfecto para competiciones de nivel profesional.\" \/>\n<meta name=\"robots\" content=\"index, follow, max-snippet:-1, max-image-preview:large, max-video-preview:-1\" \/>\n<link rel=\"canonical\" href=\"https:\/\/balonesconcorde.com\/sport\/product\/kickingball-classsic\/\" \/>\n<meta property=\"og:locale\" content=\"es_ES\" \/>\n<meta property=\"og:type\" content=\"article\" \/>\n<meta property=\"og:title\" content=\"Kickingball classic - Balones Concorde\" \/>\n<meta property=\"og:description\" content=\"Descubre el bal\u00f3n dise\u00f1ado para Kickingball, un juego din\u00e1mico que combina velocidad y destreza. Perfecto para competiciones de nivel profesional.\" \/>\n<meta property=\"og:url\" content=\"https:\/\/balonesconcorde.com\/sport\/product\/kickingball-classsic\/\" \/>\n<meta property=\"og:site_name\" content=\"Balones Concorde\" \/>\n<meta property=\"article:publisher\" content=\"https:\/\/www.facebook.com\/BalonesyNeumaticosConcorde\/\" \/>\n<meta property=\"article:modified_time\" content=\"2025-08-28T22:00:36+00:00\" \/>\n<meta property=\"og:image\" content=\"https:\/\/balonesconcorde.com\/sport\/wp-content\/uploads\/2024\/08\/Balon-Kickingball-tricolor-03.png\" \/>\n\t<meta property=\"og:image:width\" content=\"379\" \/>\n\t<meta property=\"og:image:height\" content=\"379\" \/>\n\t<meta property=\"og:image:type\" content=\"image\/png\" \/>\n<meta name=\"twitter:card\" content=\"summary_large_image\" \/>\n<meta name=\"twitter:label1\" content=\"Tiempo de lectura\" \/>\n\t<meta name=\"twitter:data1\" content=\"1 minuto\" \/>\n<script type=\"application\/ld+json\" class=\"yoast-schema-graph\">{\"@context\":\"https:\/\/schema.org\",\"@graph\":[{\"@type\":\"WebPage\",\"@id\":\"https:\/\/balonesconcorde.com\/sport\/product\/kickingball-classsic\/\",\"url\":\"https:\/\/balonesconcorde.com\/sport\/product\/kickingball-classsic\/\",\"name\":\"Kickingball classic - Balones Concorde\",\"isPartOf\":{\"@id\":\"https:\/\/balonesconcorde.com\/sport\/#website\"},\"primaryImageOfPage\":{\"@id\":\"https:\/\/balonesconcorde.com\/sport\/product\/kickingball-classsic\/#primaryimage\"},\"image\":{\"@id\":\"https:\/\/balonesconcorde.com\/sport\/product\/kickingball-classsic\/#primaryimage\"},\"thumbnailUrl\":\"https:\/\/balonesconcorde.com\/sport\/wp-content\/uploads\/2024\/08\/Balon-Kickingball-tricolor-03.png\",\"datePublished\":\"2025-08-28T17:40:41+00:00\",\"dateModified\":\"2025-08-28T22:00:36+00:00\",\"description\":\"Descubre el bal\u00f3n dise\u00f1ado para Kickingball, un juego din\u00e1mico que combina velocidad y destreza. Perfecto para competiciones de nivel profesional.\",\"breadcrumb\":{\"@id\":\"https:\/\/balonesconcorde.com\/sport\/product\/kickingball-classsic\/#breadcrumb\"},\"inLanguage\":\"es\",\"potentialAction\":[{\"@type\":\"ReadAction\",\"target\":[\"https:\/\/balonesconcorde.com\/sport\/product\/kickingball-classsic\/\"]}]},{\"@type\":\"ImageObject\",\"inLanguage\":\"es\",\"@id\":\"https:\/\/balonesconcorde.com\/sport\/product\/kickingball-classsic\/#primaryimage\",\"url\":\"https:\/\/balonesconcorde.com\/sport\/wp-content\/uploads\/2024\/08\/Balon-Kickingball-tricolor-03.png\",\"contentUrl\":\"https:\/\/balonesconcorde.com\/sport\/wp-content\/uploads\/2024\/08\/Balon-Kickingball-tricolor-03.png\",\"width\":379,\"height\":379,\"caption\":\"Bal\u00f3n Kickingball tricolor\"},{\"@type\":\"BreadcrumbList\",\"@id\":\"https:\/\/balonesconcorde.com\/sport\/product\/kickingball-classsic\/#breadcrumb\",\"itemListElement\":[{\"@type\":\"ListItem\",\"position\":1,\"name\":\"Portada\",\"item\":\"https:\/\/balonesconcorde.com\/sport\/\"},{\"@type\":\"ListItem\",\"position\":2,\"name\":\"Tienda\",\"item\":\"https:\/\/balonesconcorde.com\/sport\/shop\/\"},{\"@type\":\"ListItem\",\"position\":3,\"name\":\"Kickingball classic\"}]},{\"@type\":\"WebSite\",\"@id\":\"https:\/\/balonesconcorde.com\/sport\/#website\",\"url\":\"https:\/\/balonesconcorde.com\/sport\/\",\"name\":\"Balones Concorde\",\"description\":\"F\u00e1brica de balones en Bogot\u00e1, Balones Concorde \u201cEl bal\u00f3n de Estrellas\u201d, F\u00fatbol, futsala, microf\u00fatbol, baloncesto, voleibol, publicitarios, bal\u00f3n medicinal, profesionales, entrenamiento deportivo, competici\u00f3n, escuelas deportivas, implementos deportivos, estadio de f\u00fatbol, campo deportivo, cancha, penalti, deportes, disciplinas deportivas, bola, equipo, guardameta, gol, partido, portero, torneo, campeonato, arbitro, saque de esquina, defensa, empate, delantero, tiro libre, goleador, golazo, cabezazo, tiro de esquina, entrenador, centrocampista, saque de banda, mundial, tarjeta amarilla, tarjeta roja, parque, hincha, silbato, banderines, grada, red, Canasta, cesto, baloncesto, minibaloncesto, \u201d, Voleibol, minivoleibol, voleibol playa, mallas, bandas el\u00e1sticas, bombas de inflar, calibrador, chaqueta, cron\u00f3metro, escalera de motricidad, fuchi, guantes de arquero, guayeras, conos, petos, platillos,  tula balonera, tula personal, canillera, espinillera.\",\"publisher\":{\"@id\":\"https:\/\/balonesconcorde.com\/sport\/#organization\"},\"potentialAction\":[{\"@type\":\"SearchAction\",\"target\":{\"@type\":\"EntryPoint\",\"urlTemplate\":\"https:\/\/balonesconcorde.com\/sport\/?s={search_term_string}\"},\"query-input\":\"required name=search_term_string\"}],\"inLanguage\":\"es\"},{\"@type\":\"Organization\",\"@id\":\"https:\/\/balonesconcorde.com\/sport\/#organization\",\"name\":\"Balones Concorde\",\"url\":\"https:\/\/balonesconcorde.com\/sport\/\",\"logo\":{\"@type\":\"ImageObject\",\"inLanguage\":\"es\",\"@id\":\"https:\/\/balonesconcorde.com\/sport\/#\/schema\/logo\/image\/\",\"url\":\"https:\/\/balonesconcorde.com\/sport\/wp-content\/uploads\/2023\/10\/logo_balonesconcordep.png\",\"contentUrl\":\"https:\/\/balonesconcorde.com\/sport\/wp-content\/uploads\/2023\/10\/logo_balonesconcordep.png\",\"width\":220,\"height\":70,\"caption\":\"Balones Concorde\"},\"image\":{\"@id\":\"https:\/\/balonesconcorde.com\/sport\/#\/schema\/logo\/image\/\"},\"sameAs\":[\"https:\/\/www.facebook.com\/BalonesyNeumaticosConcorde\/\",\"https:\/\/www.instagram.com\/balonesconcorde\/\"]}]}<\/script>\n<!-- \/ Yoast SEO plugin. -->","yoast_head_json":{"title":"Kickingball classic - Balones Concorde","description":"Descubre el bal\u00f3n dise\u00f1ado para Kickingball, un juego din\u00e1mico que combina velocidad y destreza. Perfecto para competiciones de nivel profesional.","robots":{"index":"index","follow":"follow","max-snippet":"max-snippet:-1","max-image-preview":"max-image-preview:large","max-video-preview":"max-video-preview:-1"},"canonical":"https:\/\/balonesconcorde.com\/sport\/product\/kickingball-classsic\/","og_locale":"es_ES","og_type":"article","og_title":"Kickingball classic - Balones Concorde","og_description":"Descubre el bal\u00f3n dise\u00f1ado para Kickingball, un juego din\u00e1mico que combina velocidad y destreza. Perfecto para competiciones de nivel profesional.","og_url":"https:\/\/balonesconcorde.com\/sport\/product\/kickingball-classsic\/","og_site_name":"Balones Concorde","article_publisher":"https:\/\/www.facebook.com\/BalonesyNeumaticosConcorde\/","article_modified_time":"2025-08-28T22:00:36+00:00","og_image":[{"width":379,"height":379,"url":"https:\/\/balonesconcorde.com\/sport\/wp-content\/uploads\/2024\/08\/Balon-Kickingball-tricolor-03.png","type":"image\/png"}],"twitter_card":"summary_large_image","twitter_misc":{"Tiempo de lectura":"1 minuto"},"schema":{"@context":"https:\/\/schema.org","@graph":[{"@type":"WebPage","@id":"https:\/\/balonesconcorde.com\/sport\/product\/kickingball-classsic\/","url":"https:\/\/balonesconcorde.com\/sport\/product\/kickingball-classsic\/","name":"Kickingball classic - Balones Concorde","isPartOf":{"@id":"https:\/\/balonesconcorde.com\/sport\/#website"},"primaryImageOfPage":{"@id":"https:\/\/balonesconcorde.com\/sport\/product\/kickingball-classsic\/#primaryimage"},"image":{"@id":"https:\/\/balonesconcorde.com\/sport\/product\/kickingball-classsic\/#primaryimage"},"thumbnailUrl":"https:\/\/balonesconcorde.com\/sport\/wp-content\/uploads\/2024\/08\/Balon-Kickingball-tricolor-03.png","datePublished":"2025-08-28T17:40:41+00:00","dateModified":"2025-08-28T22:00:36+00:00","description":"Descubre el bal\u00f3n dise\u00f1ado para Kickingball, un juego din\u00e1mico que combina velocidad y destreza. Perfecto para competiciones de nivel profesional.","breadcrumb":{"@id":"https:\/\/balonesconcorde.com\/sport\/product\/kickingball-classsic\/#breadcrumb"},"inLanguage":"es","potentialAction":[{"@type":"ReadAction","target":["https:\/\/balonesconcorde.com\/sport\/product\/kickingball-classsic\/"]}]},{"@type":"ImageObject","inLanguage":"es","@id":"https:\/\/balonesconcorde.com\/sport\/product\/kickingball-classsic\/#primaryimage","url":"https:\/\/balonesconcorde.com\/sport\/wp-content\/uploads\/2024\/08\/Balon-Kickingball-tricolor-03.png","contentUrl":"https:\/\/balonesconcorde.com\/sport\/wp-content\/uploads\/2024\/08\/Balon-Kickingball-tricolor-03.png","width":379,"height":379,"caption":"Bal\u00f3n Kickingball tricolor"},{"@type":"BreadcrumbList","@id":"https:\/\/balonesconcorde.com\/sport\/product\/kickingball-classsic\/#breadcrumb","itemListElement":[{"@type":"ListItem","position":1,"name":"Portada","item":"https:\/\/balonesconcorde.com\/sport\/"},{"@type":"ListItem","position":2,"name":"Tienda","item":"https:\/\/balonesconcorde.com\/sport\/shop\/"},{"@type":"ListItem","position":3,"name":"Kickingball classic"}]},{"@type":"WebSite","@id":"https:\/\/balonesconcorde.com\/sport\/#website","url":"https:\/\/balonesconcorde.com\/sport\/","name":"Balones Concorde","description":"F\u00e1brica de balones en Bogot\u00e1, Balones Concorde \u201cEl bal\u00f3n de Estrellas\u201d, F\u00fatbol, futsala, microf\u00fatbol, baloncesto, voleibol, publicitarios, bal\u00f3n medicinal, profesionales, entrenamiento deportivo, competici\u00f3n, escuelas deportivas, implementos deportivos, estadio de f\u00fatbol, campo deportivo, cancha, penalti, deportes, disciplinas deportivas, bola, equipo, guardameta, gol, partido, portero, torneo, campeonato, arbitro, saque de esquina, defensa, empate, delantero, tiro libre, goleador, golazo, cabezazo, tiro de esquina, entrenador, centrocampista, saque de banda, mundial, tarjeta amarilla, tarjeta roja, parque, hincha, silbato, banderines, grada, red, Canasta, cesto, baloncesto, minibaloncesto, \u201d, Voleibol, minivoleibol, voleibol playa, mallas, bandas el\u00e1sticas, bombas de inflar, calibrador, chaqueta, cron\u00f3metro, escalera de motricidad, fuchi, guantes de arquero, guayeras, conos, petos, platillos,  tula balonera, tula personal, canillera, espinillera.","publisher":{"@id":"https:\/\/balonesconcorde.com\/sport\/#organization"},"potentialAction":[{"@type":"SearchAction","target":{"@type":"EntryPoint","urlTemplate":"https:\/\/balonesconcorde.com\/sport\/?s={search_term_string}"},"query-input":"required name=search_term_string"}],"inLanguage":"es"},{"@type":"Organization","@id":"https:\/\/balonesconcorde.com\/sport\/#organization","name":"Balones Concorde","url":"https:\/\/balonesconcorde.com\/sport\/","logo":{"@type":"ImageObject","inLanguage":"es","@id":"https:\/\/balonesconcorde.com\/sport\/#\/schema\/logo\/image\/","url":"https:\/\/balonesconcorde.com\/sport\/wp-content\/uploads\/2023\/10\/logo_balonesconcordep.png","contentUrl":"https:\/\/balonesconcorde.com\/sport\/wp-content\/uploads\/2023\/10\/logo_balonesconcordep.png","width":220,"height":70,"caption":"Balones Concorde"},"image":{"@id":"https:\/\/balonesconcorde.com\/sport\/#\/schema\/logo\/image\/"},"sameAs":["https:\/\/www.facebook.com\/BalonesyNeumaticosConcorde\/","https:\/\/www.instagram.com\/balonesconcorde\/"]}]}},"_links":{"self":[{"href":"https:\/\/balonesconcorde.com\/sport\/wp-json\/wp\/v2\/product\/10658","targetHints":{"allow":["GET"]}}],"collection":[{"href":"https:\/\/balonesconcorde.com\/sport\/wp-json\/wp\/v2\/product"}],"about":[{"href":"https:\/\/balonesconcorde.com\/sport\/wp-json\/wp\/v2\/types\/product"}],"replies":[{"embeddable":true,"href":"https:\/\/balonesconcorde.com\/sport\/wp-json\/wp\/v2\/comments?post=10658"}],"version-history":[{"count":0,"href":"https:\/\/balonesconcorde.com\/sport\/wp-json\/wp\/v2\/product\/10658\/revisions"}],"wp:featuredmedia":[{"embeddable":true,"href":"https:\/\/balonesconcorde.com\/sport\/wp-json\/wp\/v2\/media\/10009"}],"wp:attachment":[{"href":"https:\/\/balonesconcorde.com\/sport\/wp-json\/wp\/v2\/media?parent=10658"}],"wp:term":[{"taxonomy":"product_brand","embeddable":true,"href":"https:\/\/balonesconcorde.com\/sport\/wp-json\/wp\/v2\/product_brand?post=10658"},{"taxonomy":"product_cat","embeddable":true,"href":"https:\/\/balonesconcorde.com\/sport\/wp-json\/wp\/v2\/product_cat?post=10658"},{"taxonomy":"product_tag","embeddable":true,"href":"https:\/\/balonesconcorde.com\/sport\/wp-json\/wp\/v2\/product_tag?post=10658"}],"curies":[{"name":"wp","href":"https:\/\/api.w.org\/{rel}","templated":true}]}}